{"id":331,"date":"2023-02-02T16:06:09","date_gmt":"2023-02-02T16:06:09","guid":{"rendered":"https:\/\/sanlorenzostudioflat.it\/\/le-camere\/"},"modified":"2025-05-28T13:36:59","modified_gmt":"2025-05-28T13:36:59","slug":"appartement","status":"publish","type":"page","link":"https:\/\/sanlorenzostudioflat.it\/fr\/appartement\/","title":{"rendered":"Appartement"},"content":{"rendered":"<section class=\"wpb-content-wrapper\"><p>[vc_row full_width=&#8221;stretch_row&#8221; css=&#8221;.vc_custom_1675416639874{padding-top: 20px !important;padding-bottom: 70px !important;}&#8221; el_class=&#8221;.bg-roma&#8221;][vc_column][vc_row_inner css=&#8221;.vc_custom_1675350138060{padding-top: 30px !important;}&#8221;][vc_column_inner width=&#8221;1\/2&#8243;][vc_custom_heading text=&#8221;Un studio de caract\u00e8re et de confort&#8221; use_theme_fonts=&#8221;yes&#8221;][vc_column_text]Le studio est un v\u00e9ritable studio ind\u00e9pendant, id\u00e9al pour ceux qui recherchent intimit\u00e9, tranquillit\u00e9 et confort. Meubl\u00e9 avec go\u00fbt et souci du d\u00e9tail, il offre un espace accueillant et fonctionnel, dot\u00e9 de tout le confort n\u00e9cessaire pour se sentir imm\u00e9diatement comme chez soi\u00a0: kitchenette \u00e9quip\u00e9e, Wi-Fi, climatisation, chauffage ind\u00e9pendant et bien plus encore.<\/p>\n<p><strong>Un b\u00e2timent unique en son genre<\/strong><br \/>\nL&#8217;immeuble qui abrite le San Lorenzo Studio Flat est une raret\u00e9 architecturale. Construit au d\u00e9but du XXe si\u00e8cle pour loger les cheminots, il conserve le charme historique de ses galeries int\u00e9rieures, un \u00e9l\u00e9ment de plus en plus rare \u00e0 Rome. Ce d\u00e9tail conf\u00e8re au b\u00e2timent une atmosph\u00e8re authentique et \u00e9vocatrice, qui raconte l&#8217;histoire du quartier et de la ville.<\/p>\n<p><strong>Un d\u00e9cor de cin\u00e9ma exceptionnel<\/strong><br \/>\nCe n&#8217;est pas un hasard si ce b\u00e2timent a \u00e9t\u00e9 choisi \u00e0 plusieurs reprises pour le tournage de films et de productions cin\u00e9matographiques. Son charme intemporel et son atmosph\u00e8re sc\u00e9nographique en font un d\u00e9cor id\u00e9al pour le grand \u00e9cran et continue de susciter l&#8217;int\u00e9r\u00eat des r\u00e9alisateurs et photographes du monde entier.<br \/>\n<strong>San Lorenzo Studio Flat<\/strong> est bien plus qu&#8217;un simple h\u00e9bergement : c&#8217;est une exp\u00e9rience authentique, au c\u0153ur de la Rome jeune et cr\u00e9ative. Que vous voyagiez pour le travail, les \u00e9tudes ou le plaisir, vous trouverez ici un havre de paix, plong\u00e9 dans la vie authentique de la Ville \u00c9ternelle.[\/vc_column_text]<a  href=\"\/fr\/#prenota\"  target=\"_self\"  title=\"\" class=\"tt_button tt_primary_button btn_primary_color  pull-left button-action-link\" ><span class=\"prim_text\">RESERVE MAINTENANT<\/span><\/a>[\/vc_column_inner][vc_column_inner width=&#8221;1\/2&#8243;][vc_single_image image=&#8221;916&#8243; img_size=&#8221;full&#8221; alignment=&#8221;center&#8221; style=&#8221;vc_box_rounded&#8221;][\/vc_column_inner][\/vc_row_inner][vc_empty_space height=&#8221;45px&#8221;][\/vc_column][\/vc_row][vc_row full_width=&#8221;stretch_row_content_no_spaces&#8221;][vc_column]<div id=\"1675354293788-c8e4e1c5-1729\" class=\"contenitore_galleria \"><div class=\"bootstrap-grid\"><div class=\"row gutter-20\"><div class=\"col-lg-3 col-md-3 col-sm-6 col-xs-12 \"><a  href=\"https:\/\/sanlorenzostudioflat.it\/wp-content\/uploads\/2025\/05\/entrata.jpg\" data-sub-html=\"\" href=\"https:\/\/sanlorenzostudioflat.it\/wp-content\/uploads\/2025\/05\/entrata.jpg\" class=\"lightgallery\"><img loading=\"lazy\" decoding=\"async\" class=\"super-gallery-image\" src=\"https:\/\/sanlorenzostudioflat.it\/wp-content\/uploads\/2025\/05\/entrata-500x500.jpg\" width=\"500\" height=\"500\"><\/a><\/div><div class=\"col-lg-3 col-md-3 col-sm-6 col-xs-12 \"><a  href=\"https:\/\/sanlorenzostudioflat.it\/wp-content\/uploads\/2025\/05\/cucinapranzo1.jpg\" data-sub-html=\"\" href=\"https:\/\/sanlorenzostudioflat.it\/wp-content\/uploads\/2025\/05\/cucinapranzo1.jpg\" class=\"lightgallery\"><img loading=\"lazy\" decoding=\"async\" class=\"super-gallery-image\" src=\"https:\/\/sanlorenzostudioflat.it\/wp-content\/uploads\/2025\/05\/cucinapranzo1-500x500.jpg\" width=\"500\" height=\"500\"><\/a><\/div><div class=\"col-lg-3 col-md-3 col-sm-6 col-xs-12 \"><a  href=\"https:\/\/sanlorenzostudioflat.it\/wp-content\/uploads\/2025\/05\/cucinapranzo2.jpg\" data-sub-html=\"\" href=\"https:\/\/sanlorenzostudioflat.it\/wp-content\/uploads\/2025\/05\/cucinapranzo2.jpg\" class=\"lightgallery\"><img loading=\"lazy\" decoding=\"async\" class=\"super-gallery-image\" src=\"https:\/\/sanlorenzostudioflat.it\/wp-content\/uploads\/2025\/05\/cucinapranzo2-500x500.jpg\" width=\"500\" height=\"500\"><\/a><\/div><div class=\"col-lg-3 col-md-3 col-sm-6 col-xs-12 \"><a  href=\"https:\/\/sanlorenzostudioflat.it\/wp-content\/uploads\/2025\/05\/cucinaparticolare1.jpg\" data-sub-html=\"\" href=\"https:\/\/sanlorenzostudioflat.it\/wp-content\/uploads\/2025\/05\/cucinaparticolare1.jpg\" class=\"lightgallery\"><img loading=\"lazy\" decoding=\"async\" class=\"super-gallery-image\" src=\"https:\/\/sanlorenzostudioflat.it\/wp-content\/uploads\/2025\/05\/cucinaparticolare1-500x500.jpg\" width=\"500\" height=\"500\"><\/a><\/div><div class=\"col-lg-3 col-md-3 col-sm-6 col-xs-12 \"><a  href=\"https:\/\/sanlorenzostudioflat.it\/wp-content\/uploads\/2025\/05\/cameraparticolare3.jpg\" data-sub-html=\"\" href=\"https:\/\/sanlorenzostudioflat.it\/wp-content\/uploads\/2025\/05\/cameraparticolare3.jpg\" class=\"lightgallery\"><img loading=\"lazy\" decoding=\"async\" class=\"super-gallery-image\" src=\"https:\/\/sanlorenzostudioflat.it\/wp-content\/uploads\/2025\/05\/cameraparticolare3-500x500.jpg\" width=\"500\" height=\"500\"><\/a><\/div><div class=\"col-lg-3 col-md-3 col-sm-6 col-xs-12 \"><a  href=\"https:\/\/sanlorenzostudioflat.it\/wp-content\/uploads\/2025\/05\/cameraparticolare1.jpg\" data-sub-html=\"\" href=\"https:\/\/sanlorenzostudioflat.it\/wp-content\/uploads\/2025\/05\/cameraparticolare1.jpg\" class=\"lightgallery\"><img loading=\"lazy\" decoding=\"async\" class=\"super-gallery-image\" src=\"https:\/\/sanlorenzostudioflat.it\/wp-content\/uploads\/2025\/05\/cameraparticolare1-500x500.jpg\" width=\"500\" height=\"500\"><\/a><\/div><div class=\"col-lg-3 col-md-3 col-sm-6 col-xs-12 \"><a  href=\"https:\/\/sanlorenzostudioflat.it\/wp-content\/uploads\/2025\/05\/cucinaparticolare.jpg\" data-sub-html=\"\" href=\"https:\/\/sanlorenzostudioflat.it\/wp-content\/uploads\/2025\/05\/cucinaparticolare.jpg\" class=\"lightgallery\"><img loading=\"lazy\" decoding=\"async\" class=\"super-gallery-image\" src=\"https:\/\/sanlorenzostudioflat.it\/wp-content\/uploads\/2025\/05\/cucinaparticolare-500x500.jpg\" width=\"500\" height=\"500\"><\/a><\/div><div class=\"col-lg-3 col-md-3 col-sm-6 col-xs-12 \"><a  href=\"https:\/\/sanlorenzostudioflat.it\/wp-content\/uploads\/2025\/05\/libreriabagno.jpg\" data-sub-html=\"\" href=\"https:\/\/sanlorenzostudioflat.it\/wp-content\/uploads\/2025\/05\/libreriabagno.jpg\" class=\"lightgallery\"><img loading=\"lazy\" decoding=\"async\" class=\"super-gallery-image\" src=\"https:\/\/sanlorenzostudioflat.it\/wp-content\/uploads\/2025\/05\/libreriabagno-500x500.jpg\" width=\"500\" height=\"500\"><\/a><\/div><div class=\"col-lg-3 col-md-3 col-sm-6 col-xs-12 \"><a  href=\"https:\/\/sanlorenzostudioflat.it\/wp-content\/uploads\/2025\/05\/cameraparticolare.jpg\" data-sub-html=\"\" href=\"https:\/\/sanlorenzostudioflat.it\/wp-content\/uploads\/2025\/05\/cameraparticolare.jpg\" class=\"lightgallery\"><img loading=\"lazy\" decoding=\"async\" class=\"super-gallery-image\" src=\"https:\/\/sanlorenzostudioflat.it\/wp-content\/uploads\/2025\/05\/cameraparticolare-500x500.jpg\" width=\"500\" height=\"500\"><\/a><\/div><div class=\"col-lg-3 col-md-3 col-sm-6 col-xs-12 \"><a  href=\"https:\/\/sanlorenzostudioflat.it\/wp-content\/uploads\/2025\/05\/cameracucina.jpg\" data-sub-html=\"\" href=\"https:\/\/sanlorenzostudioflat.it\/wp-content\/uploads\/2025\/05\/cameracucina.jpg\" class=\"lightgallery\"><img loading=\"lazy\" decoding=\"async\" class=\"super-gallery-image\" src=\"https:\/\/sanlorenzostudioflat.it\/wp-content\/uploads\/2025\/05\/cameracucina-500x500.jpg\" width=\"500\" height=\"500\"><\/a><\/div><div class=\"col-lg-3 col-md-3 col-sm-6 col-xs-12 \"><a  href=\"https:\/\/sanlorenzostudioflat.it\/wp-content\/uploads\/2025\/05\/camera.jpg\" data-sub-html=\"\" href=\"https:\/\/sanlorenzostudioflat.it\/wp-content\/uploads\/2025\/05\/camera.jpg\" class=\"lightgallery\"><img loading=\"lazy\" decoding=\"async\" class=\"super-gallery-image\" src=\"https:\/\/sanlorenzostudioflat.it\/wp-content\/uploads\/2025\/05\/camera-500x500.jpg\" width=\"500\" height=\"500\"><\/a><\/div><div class=\"col-lg-3 col-md-3 col-sm-6 col-xs-12 \"><a  href=\"https:\/\/sanlorenzostudioflat.it\/wp-content\/uploads\/2025\/05\/cucina.jpg\" data-sub-html=\"\" href=\"https:\/\/sanlorenzostudioflat.it\/wp-content\/uploads\/2025\/05\/cucina.jpg\" class=\"lightgallery\"><img loading=\"lazy\" decoding=\"async\" class=\"super-gallery-image\" src=\"https:\/\/sanlorenzostudioflat.it\/wp-content\/uploads\/2025\/05\/cucina-500x500.jpg\" width=\"500\" height=\"500\"><\/a><\/div><div class=\"col-lg-3 col-md-3 col-sm-6 col-xs-12 sg-last-item-row\"><a  href=\"https:\/\/sanlorenzostudioflat.it\/wp-content\/uploads\/2025\/05\/bagno1.jpg\" data-sub-html=\"\" href=\"https:\/\/sanlorenzostudioflat.it\/wp-content\/uploads\/2025\/05\/bagno1.jpg\" class=\"lightgallery\"><img loading=\"lazy\" decoding=\"async\" class=\"super-gallery-image\" src=\"https:\/\/sanlorenzostudioflat.it\/wp-content\/uploads\/2025\/05\/bagno1-500x500.jpg\" width=\"500\" height=\"500\"><\/a><\/div><div class=\"col-lg-3 col-md-3 col-sm-6 col-xs-12 sg-last-item-row\"><a  href=\"https:\/\/sanlorenzostudioflat.it\/wp-content\/uploads\/2025\/05\/bagno.jpg\" data-sub-html=\"\" href=\"https:\/\/sanlorenzostudioflat.it\/wp-content\/uploads\/2025\/05\/bagno.jpg\" class=\"lightgallery\"><img loading=\"lazy\" decoding=\"async\" class=\"super-gallery-image\" src=\"https:\/\/sanlorenzostudioflat.it\/wp-content\/uploads\/2025\/05\/bagno-500x500.jpg\" width=\"500\" height=\"500\"><\/a><\/div><div class=\"col-lg-3 col-md-3 col-sm-6 col-xs-12 sg-last-item-row\"><a  href=\"https:\/\/sanlorenzostudioflat.it\/wp-content\/uploads\/2025\/05\/cortileportadicasa.jpg\" data-sub-html=\"\" href=\"https:\/\/sanlorenzostudioflat.it\/wp-content\/uploads\/2025\/05\/cortileportadicasa.jpg\" class=\"lightgallery\"><img loading=\"lazy\" decoding=\"async\" class=\"super-gallery-image\" src=\"https:\/\/sanlorenzostudioflat.it\/wp-content\/uploads\/2025\/05\/cortileportadicasa-500x500.jpg\" width=\"500\" height=\"500\"><\/a><\/div><div class=\"col-lg-3 col-md-3 col-sm-6 col-xs-12 sg-last-item-row\"><a  href=\"https:\/\/sanlorenzostudioflat.it\/wp-content\/uploads\/2025\/05\/cortile1.jpg\" data-sub-html=\"\" href=\"https:\/\/sanlorenzostudioflat.it\/wp-content\/uploads\/2025\/05\/cortile1.jpg\" class=\"lightgallery\"><img loading=\"lazy\" decoding=\"async\" class=\"super-gallery-image\" src=\"https:\/\/sanlorenzostudioflat.it\/wp-content\/uploads\/2025\/05\/cortile1-500x500.jpg\" width=\"500\" height=\"500\"><\/a><\/div><\/div><\/div><\/div>[\/vc_column][\/vc_row][vc_row][vc_column]<div class=\"templatera_shortcode\"><div data-vc-full-width=\"true\" data-vc-full-width-init=\"false\" class=\"vc_row wpb_row vc_row-fluid servizi vc_custom_1715007404221 vc_row-has-fill vc_row-has-padding-top vc_row-has-padding-bottom\"><div class=\"wpb_column vc_column_container vc_col-sm-1\/5\"><div class=\"vc_column-inner\"><div class=\"wpb_wrapper\"><div class=\"key-icon-box icon-default icon-top cont-center ib-no-effect\" style=\"background-color: transparent;\" ><div class=\"tt-iconbox-customimg img_small_size\"><img loading=\"lazy\" decoding=\"async\" width=\"256\" height=\"256\" src=\"https:\/\/sanlorenzostudioflat.it\/wp-content\/uploads\/2023\/02\/wifi.png\" class=\"attachment-full\" alt=\"\" title=\"wifi\" srcset=\"https:\/\/sanlorenzostudioflat.it\/wp-content\/uploads\/2023\/02\/wifi.png 256w, https:\/\/sanlorenzostudioflat.it\/wp-content\/uploads\/2023\/02\/wifi-150x150.png 150w\" sizes=\"auto, (max-width: 256px) 100vw, 256px\" \/><\/div><h5 class=\"service-heading\" >Internet gratuit<\/h5><\/div><\/div><\/div><\/div><div class=\"wpb_column vc_column_container vc_col-sm-1\/5\"><div class=\"vc_column-inner\"><div class=\"wpb_wrapper\"><div class=\"key-icon-box icon-default icon-top cont-center ib-no-effect\" style=\"background-color: transparent;\" ><div class=\"tt-iconbox-customimg img_small_size\"><img loading=\"lazy\" decoding=\"async\" width=\"256\" height=\"256\" src=\"https:\/\/sanlorenzostudioflat.it\/wp-content\/uploads\/2023\/02\/tv-monitor.png\" class=\"attachment-full\" alt=\"\" title=\"tv-monitor\" srcset=\"https:\/\/sanlorenzostudioflat.it\/wp-content\/uploads\/2023\/02\/tv-monitor.png 256w, https:\/\/sanlorenzostudioflat.it\/wp-content\/uploads\/2023\/02\/tv-monitor-150x150.png 150w\" sizes=\"auto, (max-width: 256px) 100vw, 256px\" \/><\/div><h5 class=\"service-heading\" >LCD<\/h5><\/div><\/div><\/div><\/div><div class=\"wpb_column vc_column_container vc_col-sm-1\/5\"><div class=\"vc_column-inner\"><div class=\"wpb_wrapper\"><div class=\"key-icon-box icon-default icon-top cont-center ib-no-effect\" style=\"background-color: transparent;\" ><div class=\"tt-iconbox-customimg img_small_size\"><img loading=\"lazy\" decoding=\"async\" width=\"256\" height=\"256\" src=\"https:\/\/sanlorenzostudioflat.it\/wp-content\/uploads\/2023\/02\/towels.png\" class=\"attachment-full\" alt=\"\" title=\"towels\" srcset=\"https:\/\/sanlorenzostudioflat.it\/wp-content\/uploads\/2023\/02\/towels.png 256w, https:\/\/sanlorenzostudioflat.it\/wp-content\/uploads\/2023\/02\/towels-150x150.png 150w\" sizes=\"auto, (max-width: 256px) 100vw, 256px\" \/><\/div><h5 class=\"service-heading\" >Linge et serviettes<\/h5><\/div><\/div><\/div><\/div><div class=\"wpb_column vc_column_container vc_col-sm-1\/5\"><div class=\"vc_column-inner\"><div class=\"wpb_wrapper\"><div class=\"key-icon-box icon-default icon-top cont-center ib-no-effect\" style=\"background-color: transparent;\" ><div class=\"tt-iconbox-customimg img_small_size\"><img loading=\"lazy\" decoding=\"async\" width=\"256\" height=\"256\" src=\"https:\/\/sanlorenzostudioflat.it\/wp-content\/uploads\/2023\/02\/hairdryer.png\" class=\"attachment-full\" alt=\"\" title=\"hairdryer\" srcset=\"https:\/\/sanlorenzostudioflat.it\/wp-content\/uploads\/2023\/02\/hairdryer.png 256w, https:\/\/sanlorenzostudioflat.it\/wp-content\/uploads\/2023\/02\/hairdryer-150x150.png 150w\" sizes=\"auto, (max-width: 256px) 100vw, 256px\" \/><\/div><h5 class=\"service-heading\" >S\u00e8che-cheveux<\/h5><\/div><\/div><\/div><\/div><div class=\"wpb_column vc_column_container vc_col-sm-1\/5\"><div class=\"vc_column-inner\"><div class=\"wpb_wrapper\"><div class=\"key-icon-box icon-default icon-top cont-center ib-no-effect\" style=\"background-color: transparent;\" ><div class=\"tt-iconbox-customimg img_small_size\"><img loading=\"lazy\" decoding=\"async\" width=\"256\" height=\"256\" src=\"https:\/\/sanlorenzostudioflat.it\/wp-content\/uploads\/2023\/02\/air-conditioner.png\" class=\"attachment-full\" alt=\"\" title=\"air-conditioner\" srcset=\"https:\/\/sanlorenzostudioflat.it\/wp-content\/uploads\/2023\/02\/air-conditioner.png 256w, https:\/\/sanlorenzostudioflat.it\/wp-content\/uploads\/2023\/02\/air-conditioner-150x150.png 150w\" sizes=\"auto, (max-width: 256px) 100vw, 256px\" \/><\/div><h5 class=\"service-heading\" >Climatisation<\/h5><\/div><\/div><\/div><\/div><\/div><div class=\"vc_row-full-width vc_clearfix\"><\/div><div data-vc-full-width=\"true\" data-vc-full-width-init=\"false\" class=\"vc_row wpb_row vc_row-fluid servizi vc_custom_1715007539276 vc_row-has-fill vc_row-has-padding-top vc_row-has-padding-bottom\"><div class=\"wpb_column vc_column_container vc_col-sm-1\/5\"><div class=\"vc_column-inner\"><div class=\"wpb_wrapper\"><div class=\"key-icon-box icon-default icon-top cont-center ib-no-effect\" style=\"background-color: transparent;\" ><div class=\"tt-iconbox-customimg img_small_size\"><img loading=\"lazy\" decoding=\"async\" width=\"256\" height=\"256\" src=\"https:\/\/sanlorenzostudioflat.it\/wp-content\/uploads\/2024\/05\/kettle.png\" class=\"attachment-full\" alt=\"\" title=\"kettle\" srcset=\"https:\/\/sanlorenzostudioflat.it\/wp-content\/uploads\/2024\/05\/kettle.png 256w, https:\/\/sanlorenzostudioflat.it\/wp-content\/uploads\/2024\/05\/kettle-150x150.png 150w\" sizes=\"auto, (max-width: 256px) 100vw, 256px\" \/><\/div><h5 class=\"service-heading\" >Bouilloire<\/h5><\/div><\/div><\/div><\/div><div class=\"wpb_column vc_column_container vc_col-sm-1\/5\"><div class=\"vc_column-inner\"><div class=\"wpb_wrapper\"><div class=\"key-icon-box icon-default icon-top cont-center ib-no-effect\" style=\"background-color: transparent;\" ><div class=\"tt-iconbox-customimg img_small_size\"><img loading=\"lazy\" decoding=\"async\" width=\"256\" height=\"256\" src=\"https:\/\/sanlorenzostudioflat.it\/wp-content\/uploads\/2024\/05\/refrigerator.png\" class=\"attachment-full\" alt=\"\" title=\"refrigerator\" srcset=\"https:\/\/sanlorenzostudioflat.it\/wp-content\/uploads\/2024\/05\/refrigerator.png 256w, https:\/\/sanlorenzostudioflat.it\/wp-content\/uploads\/2024\/05\/refrigerator-150x150.png 150w\" sizes=\"auto, (max-width: 256px) 100vw, 256px\" \/><\/div><h5 class=\"service-heading\" >R\u00e9frig\u00e9rateur<\/h5><\/div><\/div><\/div><\/div><div class=\"wpb_column vc_column_container vc_col-sm-1\/5\"><div class=\"vc_column-inner\"><div class=\"wpb_wrapper\"><div class=\"key-icon-box icon-default icon-top cont-center ib-no-effect\" style=\"background-color: transparent;\" ><div class=\"tt-iconbox-customimg img_small_size\"><img loading=\"lazy\" decoding=\"async\" width=\"256\" height=\"256\" src=\"https:\/\/sanlorenzostudioflat.it\/wp-content\/uploads\/2024\/05\/kitchen-set.png\" class=\"attachment-full\" alt=\"\" title=\"kitchen-set\" srcset=\"https:\/\/sanlorenzostudioflat.it\/wp-content\/uploads\/2024\/05\/kitchen-set.png 256w, https:\/\/sanlorenzostudioflat.it\/wp-content\/uploads\/2024\/05\/kitchen-set-150x150.png 150w\" sizes=\"auto, (max-width: 256px) 100vw, 256px\" \/><\/div><h5 class=\"service-heading\" >Cuisine<\/h5><\/div><\/div><\/div><\/div><div class=\"wpb_column vc_column_container vc_col-sm-1\/5\"><div class=\"vc_column-inner\"><div class=\"wpb_wrapper\"><div class=\"key-icon-box icon-default icon-top cont-center ib-no-effect\" style=\"background-color: transparent;\" ><div class=\"tt-iconbox-customimg img_small_size\"><img loading=\"lazy\" decoding=\"async\" width=\"256\" height=\"256\" src=\"https:\/\/sanlorenzostudioflat.it\/wp-content\/uploads\/2024\/05\/microwave.png\" class=\"attachment-full\" alt=\"\" title=\"microwave\" srcset=\"https:\/\/sanlorenzostudioflat.it\/wp-content\/uploads\/2024\/05\/microwave.png 256w, https:\/\/sanlorenzostudioflat.it\/wp-content\/uploads\/2024\/05\/microwave-150x150.png 150w\" sizes=\"auto, (max-width: 256px) 100vw, 256px\" \/><\/div><h5 class=\"service-heading\" >Four micro-onde<\/h5><\/div><\/div><\/div><\/div><div class=\"wpb_column vc_column_container vc_col-sm-1\/5\"><div class=\"vc_column-inner\"><div class=\"wpb_wrapper\"><div class=\"key-icon-box icon-default icon-top cont-center ib-no-effect\" style=\"background-color: transparent;\" ><div class=\"tt-iconbox-customimg img_small_size\"><img loading=\"lazy\" decoding=\"async\" width=\"256\" height=\"256\" src=\"https:\/\/sanlorenzostudioflat.it\/wp-content\/uploads\/2024\/05\/coffee-machine.png\" class=\"attachment-full\" alt=\"\" title=\"coffee-machine\" srcset=\"https:\/\/sanlorenzostudioflat.it\/wp-content\/uploads\/2024\/05\/coffee-machine.png 256w, https:\/\/sanlorenzostudioflat.it\/wp-content\/uploads\/2024\/05\/coffee-machine-150x150.png 150w\" sizes=\"auto, (max-width: 256px) 100vw, 256px\" \/><\/div><h5 class=\"service-heading\" >Cafeti\u00e8re<\/h5><\/div><\/div><\/div><\/div><\/div><div class=\"vc_row-full-width vc_clearfix\"><\/div><\/div>[\/vc_column][\/vc_row][vc_row][vc_column]<div class=\"templatera_shortcode\"><div data-vc-full-width=\"true\" data-vc-full-width-init=\"false\" class=\"vc_row wpb_row vc_row-fluid vc_custom_1748438413059 vc_row-has-fill vc_row-has-padding-top vc_row-has-padding-bottom\"><div class=\"kd-overlay\"  style=\"background-color:rgba(0,0,0,0.66);\"><\/div><div class=\"wpb_column vc_column_container vc_col-sm-12\"><div class=\"vc_column-inner\"><div class=\"wpb_wrapper\"><h3 style=\"color: #ffffff;text-align: center\" class=\"vc_custom_heading\" >San Lorenzo Studio Flat<\/h3><h2 style=\"color: #ffffff;text-align: center\" class=\"vc_custom_heading\" >R\u00e9servez maintenant et obtenez votre r\u00e9duction<\/h2><a  href=\"\/fr\/#prenota\"  target=\"_self\"  title=\"\" class=\"tt_button tt_primary_button btn_primary_color  button-center button-action-link\" ><span class=\"prim_text\">RESERVE MAINTENANT<\/span><\/a><\/div><\/div><\/div><\/div><div class=\"vc_row-full-width vc_clearfix\"><\/div><\/div>[\/vc_column][\/vc_row]<\/p>\n<\/section>","protected":false},"excerpt":{"rendered":"Un studio de caract\u00e8re et de confort Le studio est un v\u00e9ritable studio ind\u00e9pendant, id\u00e9al pour ceux qui recherchent intimit\u00e9, [...]","protected":false},"author":1,"featured_media":0,"parent":0,"menu_order":0,"comment_status":"closed","ping_status":"closed","template":"","meta":{"footnotes":""},"class_list":["post-331","page","type-page","status-publish","hentry"],"yoast_head":"<!-- This site is optimized with the Yoast SEO plugin v26.9 - https:\/\/yoast.com\/product\/yoast-seo-wordpress\/ -->\n<title>Appartement - Studio Flat San Lorenzo<\/title>\n<meta name=\"robots\" content=\"noindex, follow, max-snippet:-1, max-image-preview:large, max-video-preview:-1\" \/>\n<meta property=\"og:locale\" content=\"fr_FR\" \/>\n<meta property=\"og:type\" content=\"article\" \/>\n<meta property=\"og:title\" content=\"Appartement - Studio Flat San Lorenzo\" \/>\n<meta property=\"og:url\" content=\"https:\/\/sanlorenzostudioflat.it\/fr\/appartement\/\" \/>\n<meta property=\"og:site_name\" content=\"Studio Flat San Lorenzo\" \/>\n<meta property=\"article:modified_time\" content=\"2025-05-28T13:36:59+00:00\" \/>\n<meta name=\"twitter:card\" content=\"summary_large_image\" \/>\n<meta name=\"twitter:label1\" content=\"Dur\u00e9e de lecture estim\u00e9e\" \/>\n\t<meta name=\"twitter:data1\" content=\"2 minutes\" \/>\n<script type=\"application\/ld+json\" class=\"yoast-schema-graph\">{\"@context\":\"https:\/\/schema.org\",\"@graph\":[{\"@type\":\"WebPage\",\"@id\":\"https:\/\/sanlorenzostudioflat.it\/fr\/appartement\/\",\"url\":\"https:\/\/sanlorenzostudioflat.it\/fr\/appartement\/\",\"name\":\"Appartement - Studio Flat San Lorenzo\",\"isPartOf\":{\"@id\":\"https:\/\/sanlorenzostudioflat.it\/#website\"},\"datePublished\":\"2023-02-02T16:06:09+00:00\",\"dateModified\":\"2025-05-28T13:36:59+00:00\",\"breadcrumb\":{\"@id\":\"https:\/\/sanlorenzostudioflat.it\/fr\/appartement\/#breadcrumb\"},\"inLanguage\":\"fr-FR\",\"potentialAction\":[{\"@type\":\"ReadAction\",\"target\":[\"https:\/\/sanlorenzostudioflat.it\/fr\/appartement\/\"]}]},{\"@type\":\"BreadcrumbList\",\"@id\":\"https:\/\/sanlorenzostudioflat.it\/fr\/appartement\/#breadcrumb\",\"itemListElement\":[{\"@type\":\"ListItem\",\"position\":1,\"name\":\"Home\",\"item\":\"https:\/\/sanlorenzostudioflat.it\/fr\/\"},{\"@type\":\"ListItem\",\"position\":2,\"name\":\"Appartement\"}]},{\"@type\":\"WebSite\",\"@id\":\"https:\/\/sanlorenzostudioflat.it\/#website\",\"url\":\"https:\/\/sanlorenzostudioflat.it\/\",\"name\":\"Studio Flat San Lorenzo\",\"description\":\"Nel cuore di Roma\",\"potentialAction\":[{\"@type\":\"SearchAction\",\"target\":{\"@type\":\"EntryPoint\",\"urlTemplate\":\"https:\/\/sanlorenzostudioflat.it\/?s={search_term_string}\"},\"query-input\":{\"@type\":\"PropertyValueSpecification\",\"valueRequired\":true,\"valueName\":\"search_term_string\"}}],\"inLanguage\":\"fr-FR\"}]}<\/script>\n<!-- \/ Yoast SEO plugin. -->","yoast_head_json":{"title":"Appartement - Studio Flat San Lorenzo","robots":{"index":"noindex","follow":"follow","max-snippet":"max-snippet:-1","max-image-preview":"max-image-preview:large","max-video-preview":"max-video-preview:-1"},"og_locale":"fr_FR","og_type":"article","og_title":"Appartement - Studio Flat San Lorenzo","og_url":"https:\/\/sanlorenzostudioflat.it\/fr\/appartement\/","og_site_name":"Studio Flat San Lorenzo","article_modified_time":"2025-05-28T13:36:59+00:00","twitter_card":"summary_large_image","twitter_misc":{"Dur\u00e9e de lecture estim\u00e9e":"2 minutes"},"schema":{"@context":"https:\/\/schema.org","@graph":[{"@type":"WebPage","@id":"https:\/\/sanlorenzostudioflat.it\/fr\/appartement\/","url":"https:\/\/sanlorenzostudioflat.it\/fr\/appartement\/","name":"Appartement - Studio Flat San Lorenzo","isPartOf":{"@id":"https:\/\/sanlorenzostudioflat.it\/#website"},"datePublished":"2023-02-02T16:06:09+00:00","dateModified":"2025-05-28T13:36:59+00:00","breadcrumb":{"@id":"https:\/\/sanlorenzostudioflat.it\/fr\/appartement\/#breadcrumb"},"inLanguage":"fr-FR","potentialAction":[{"@type":"ReadAction","target":["https:\/\/sanlorenzostudioflat.it\/fr\/appartement\/"]}]},{"@type":"BreadcrumbList","@id":"https:\/\/sanlorenzostudioflat.it\/fr\/appartement\/#breadcrumb","itemListElement":[{"@type":"ListItem","position":1,"name":"Home","item":"https:\/\/sanlorenzostudioflat.it\/fr\/"},{"@type":"ListItem","position":2,"name":"Appartement"}]},{"@type":"WebSite","@id":"https:\/\/sanlorenzostudioflat.it\/#website","url":"https:\/\/sanlorenzostudioflat.it\/","name":"Studio Flat San Lorenzo","description":"Nel cuore di Roma","potentialAction":[{"@type":"SearchAction","target":{"@type":"EntryPoint","urlTemplate":"https:\/\/sanlorenzostudioflat.it\/?s={search_term_string}"},"query-input":{"@type":"PropertyValueSpecification","valueRequired":true,"valueName":"search_term_string"}}],"inLanguage":"fr-FR"}]}},"_links":{"self":[{"href":"https:\/\/sanlorenzostudioflat.it\/fr\/wp-json\/wp\/v2\/pages\/331","targetHints":{"allow":["GET"]}}],"collection":[{"href":"https:\/\/sanlorenzostudioflat.it\/fr\/wp-json\/wp\/v2\/pages"}],"about":[{"href":"https:\/\/sanlorenzostudioflat.it\/fr\/wp-json\/wp\/v2\/types\/page"}],"author":[{"embeddable":true,"href":"https:\/\/sanlorenzostudioflat.it\/fr\/wp-json\/wp\/v2\/users\/1"}],"replies":[{"embeddable":true,"href":"https:\/\/sanlorenzostudioflat.it\/fr\/wp-json\/wp\/v2\/comments?post=331"}],"version-history":[{"count":17,"href":"https:\/\/sanlorenzostudioflat.it\/fr\/wp-json\/wp\/v2\/pages\/331\/revisions"}],"predecessor-version":[{"id":984,"href":"https:\/\/sanlorenzostudioflat.it\/fr\/wp-json\/wp\/v2\/pages\/331\/revisions\/984"}],"wp:attachment":[{"href":"https:\/\/sanlorenzostudioflat.it\/fr\/wp-json\/wp\/v2\/media?parent=331"}],"curies":[{"name":"wp","href":"https:\/\/api.w.org\/{rel}","templated":true}]}}