{"id":335,"date":"2023-02-03T08:46:27","date_gmt":"2023-02-03T08:46:27","guid":{"rendered":"https:\/\/sanlorenzostudioflat.it\/\/faq\/"},"modified":"2025-06-11T09:26:03","modified_gmt":"2025-06-11T09:26:03","slug":"faq","status":"publish","type":"page","link":"https:\/\/sanlorenzostudioflat.it\/fr\/faq\/","title":{"rendered":"FAQ"},"content":{"rendered":"<section class=\"wpb-content-wrapper\"><p>[vc_row full_width=&#8221;stretch_row&#8221; css=&#8221;.vc_custom_1749632381577{padding-top: 20px !important;padding-bottom: 70px !important;}&#8221;][vc_column][vc_row_inner css=&#8221;.vc_custom_1749555545421{margin-bottom: 20px !important;}&#8221;][vc_column_inner][vc_custom_heading text=&#8221;Questions fr\u00e9quemment pos\u00e9es&#8221; font_container=&#8221;tag:h3|text_align:left&#8221; use_theme_fonts=&#8221;yes&#8221;][\/vc_column_inner][\/vc_row_inner][vc_row_inner][vc_column_inner width=&#8221;1\/3&#8243;]<div class=\"key-icon-box icon-default icon-top cont-center ib-hover-2\" style=\"background-color: transparent;\" ><div class=\"ib-wrapper\"><i class=\"iconsmind-Money-2 iconsmind-Business-Finance\" style=\" \"><\/i> <h5 class=\"service-heading\" >Toutes les taxes sont-elles incluses dans le prix ?<\/h5><p >Non, la taxe de s\u00e9jour due \u00e0 la municipalit\u00e9 de Rome n\u2019est pas incluse. Elle s\u2019\u00e9l\u00e8ve \u00e0 5 euros par personne et par jour, jusqu\u2019\u00e0 10 jours, hors enfants de moins de 10 ans. Elle doit \u00eatre r\u00e9gl\u00e9e en esp\u00e8ces \u00e0 l\u2019arriv\u00e9e.<\/p><\/div><\/div>[\/vc_column_inner][vc_column_inner width=&#8221;1\/3&#8243;]<div class=\"key-icon-box icon-default icon-top cont-center ib-hover-2\" style=\"background-color: transparent;\" ><div class=\"ib-wrapper\"><i class=\"iconsmind-Key-Lock iconsmind-Security\" style=\" \"><\/i> <h5 class=\"service-heading\" >\u00c0 quelle heure puis-je disposer de l\u2019appartement et \u00e0 quelle heure dois-je le quitter ?<\/h5><p >L\u2019arriv\u00e9e s\u2019effectue de 12 h \u00e0 21 h. Le d\u00e9part doit \u00eatre effectu\u00e9 avant 10 h le jour du d\u00e9part.<\/p><\/div><\/div>[\/vc_column_inner][vc_column_inner width=&#8221;1\/3&#8243;]<div class=\"key-icon-box icon-default icon-top cont-center ib-hover-2\" style=\"background-color: transparent;\" ><div class=\"ib-wrapper\"><i class=\"iconsmind-Car-3 iconsmind-Transportation\" style=\" \"><\/i> <h5 class=\"service-heading\" >Le studio San Lorenzo dispose-t-il d\u2019un parking ? Si oui, dois-je le r\u00e9server avant mon arriv\u00e9e ?<\/h5><p >Non. Le stationnement dans la rue co\u00fbte 4 euros pour 8 heures.<\/p><\/div><\/div>[\/vc_column_inner][\/vc_row_inner][vc_row_inner][vc_column_inner width=&#8221;1\/3&#8243;]<div class=\"key-icon-box icon-default icon-top cont-center ib-hover-2\" style=\"background-color: transparent;\" ><div class=\"ib-wrapper\"><i class=\"iconsmind-Credit-Card2 iconsmind-Business-Finance\" style=\" \"><\/i> <h5 class=\"service-heading\" >Quand dois-je payer ?<\/h5><p >Le paiement s\u2019effectue \u00e0 l\u2019arriv\u00e9e.<\/p><\/div><\/div>[\/vc_column_inner][vc_column_inner width=&#8221;1\/3&#8243;]<div class=\"key-icon-box icon-default icon-top cont-center ib-hover-2\" style=\"background-color: transparent;\" ><div class=\"ib-wrapper\"><i class=\"iconsmind-Dog iconsmind-Animals\" style=\" \"><\/i> <h5 class=\"service-heading\" >Les animaux de compagnie sont-ils admis ?<\/h5><p >Non, les animaux ne sont pas admis.<\/p><\/div><\/div>[\/vc_column_inner][vc_column_inner width=&#8221;1\/3&#8243;]<div class=\"key-icon-box icon-default icon-top cont-center ib-hover-2\" style=\"background-color: transparent;\" ><div class=\"ib-wrapper\"><i class=\"iconsmind-Bread-2 iconsmind-Food-Drinks\" style=\" \"><\/i> <h5 class=\"service-heading\" >Le petit-d\u00e9jeuner est-il inclus dans le prix ?<\/h5><p >Non, le petit-d\u00e9jeuner n\u2019est pas inclus.<\/p><\/div><\/div>[\/vc_column_inner][\/vc_row_inner][\/vc_column][\/vc_row][vc_row][vc_column]<div class=\"templatera_shortcode\"><div data-vc-full-width=\"true\" data-vc-full-width-init=\"false\" class=\"vc_row wpb_row vc_row-fluid vc_custom_1748438413059 vc_row-has-fill vc_row-has-padding-top vc_row-has-padding-bottom\"><div class=\"kd-overlay\"  style=\"background-color:rgba(0,0,0,0.66);\"><\/div><div class=\"wpb_column vc_column_container vc_col-sm-12\"><div class=\"vc_column-inner\"><div class=\"wpb_wrapper\"><h3 style=\"color: #ffffff;text-align: center\" class=\"vc_custom_heading\" >San Lorenzo Studio Flat<\/h3><h2 style=\"color: #ffffff;text-align: center\" class=\"vc_custom_heading\" >R\u00e9servez maintenant et obtenez votre r\u00e9duction<\/h2><a  href=\"\/fr\/#prenota\"  target=\"_self\"  title=\"\" class=\"tt_button tt_primary_button btn_primary_color  button-center button-action-link\" ><span class=\"prim_text\">RESERVE MAINTENANT<\/span><\/a><\/div><\/div><\/div><\/div><div class=\"vc_row-full-width vc_clearfix\"><\/div><\/div>[\/vc_column][\/vc_row]<\/p>\n<\/section>","protected":false},"excerpt":{"rendered":"Questions fr\u00e9quemment pos\u00e9es Toutes les taxes sont-elles incluses dans le prix ?Non, la taxe de s\u00e9jour due \u00e0 la municipalit\u00e9 [...]","protected":false},"author":1,"featured_media":0,"parent":0,"menu_order":0,"comment_status":"closed","ping_status":"closed","template":"","meta":{"footnotes":""},"class_list":["post-335","page","type-page","status-publish","hentry"],"yoast_head":"<!-- This site is optimized with the Yoast SEO plugin v26.9 - https:\/\/yoast.com\/product\/yoast-seo-wordpress\/ -->\n<title>FAQ - Studio Flat San Lorenzo<\/title>\n<meta name=\"robots\" content=\"noindex, follow, max-snippet:-1, max-image-preview:large, max-video-preview:-1\" \/>\n<meta property=\"og:locale\" content=\"fr_FR\" \/>\n<meta property=\"og:type\" content=\"article\" \/>\n<meta property=\"og:title\" content=\"FAQ - Studio Flat San Lorenzo\" \/>\n<meta property=\"og:url\" content=\"https:\/\/sanlorenzostudioflat.it\/fr\/faq\/\" \/>\n<meta property=\"og:site_name\" content=\"Studio Flat San Lorenzo\" \/>\n<meta property=\"article:modified_time\" content=\"2025-06-11T09:26:03+00:00\" \/>\n<meta name=\"twitter:card\" content=\"summary_large_image\" \/>\n<meta name=\"twitter:label1\" content=\"Dur\u00e9e de lecture estim\u00e9e\" \/>\n\t<meta name=\"twitter:data1\" content=\"2 minutes\" \/>\n<script type=\"application\/ld+json\" class=\"yoast-schema-graph\">{\"@context\":\"https:\/\/schema.org\",\"@graph\":[{\"@type\":\"WebPage\",\"@id\":\"https:\/\/sanlorenzostudioflat.it\/fr\/faq\/\",\"url\":\"https:\/\/sanlorenzostudioflat.it\/fr\/faq\/\",\"name\":\"FAQ - Studio Flat San Lorenzo\",\"isPartOf\":{\"@id\":\"https:\/\/sanlorenzostudioflat.it\/#website\"},\"datePublished\":\"2023-02-03T08:46:27+00:00\",\"dateModified\":\"2025-06-11T09:26:03+00:00\",\"breadcrumb\":{\"@id\":\"https:\/\/sanlorenzostudioflat.it\/fr\/faq\/#breadcrumb\"},\"inLanguage\":\"fr-FR\",\"potentialAction\":[{\"@type\":\"ReadAction\",\"target\":[\"https:\/\/sanlorenzostudioflat.it\/fr\/faq\/\"]}]},{\"@type\":\"BreadcrumbList\",\"@id\":\"https:\/\/sanlorenzostudioflat.it\/fr\/faq\/#breadcrumb\",\"itemListElement\":[{\"@type\":\"ListItem\",\"position\":1,\"name\":\"Home\",\"item\":\"https:\/\/sanlorenzostudioflat.it\/fr\/\"},{\"@type\":\"ListItem\",\"position\":2,\"name\":\"FAQ\"}]},{\"@type\":\"WebSite\",\"@id\":\"https:\/\/sanlorenzostudioflat.it\/#website\",\"url\":\"https:\/\/sanlorenzostudioflat.it\/\",\"name\":\"Studio Flat San Lorenzo\",\"description\":\"Nel cuore di Roma\",\"potentialAction\":[{\"@type\":\"SearchAction\",\"target\":{\"@type\":\"EntryPoint\",\"urlTemplate\":\"https:\/\/sanlorenzostudioflat.it\/?s={search_term_string}\"},\"query-input\":{\"@type\":\"PropertyValueSpecification\",\"valueRequired\":true,\"valueName\":\"search_term_string\"}}],\"inLanguage\":\"fr-FR\"}]}<\/script>\n<!-- \/ Yoast SEO plugin. -->","yoast_head_json":{"title":"FAQ - Studio Flat San Lorenzo","robots":{"index":"noindex","follow":"follow","max-snippet":"max-snippet:-1","max-image-preview":"max-image-preview:large","max-video-preview":"max-video-preview:-1"},"og_locale":"fr_FR","og_type":"article","og_title":"FAQ - Studio Flat San Lorenzo","og_url":"https:\/\/sanlorenzostudioflat.it\/fr\/faq\/","og_site_name":"Studio Flat San Lorenzo","article_modified_time":"2025-06-11T09:26:03+00:00","twitter_card":"summary_large_image","twitter_misc":{"Dur\u00e9e de lecture estim\u00e9e":"2 minutes"},"schema":{"@context":"https:\/\/schema.org","@graph":[{"@type":"WebPage","@id":"https:\/\/sanlorenzostudioflat.it\/fr\/faq\/","url":"https:\/\/sanlorenzostudioflat.it\/fr\/faq\/","name":"FAQ - Studio Flat San Lorenzo","isPartOf":{"@id":"https:\/\/sanlorenzostudioflat.it\/#website"},"datePublished":"2023-02-03T08:46:27+00:00","dateModified":"2025-06-11T09:26:03+00:00","breadcrumb":{"@id":"https:\/\/sanlorenzostudioflat.it\/fr\/faq\/#breadcrumb"},"inLanguage":"fr-FR","potentialAction":[{"@type":"ReadAction","target":["https:\/\/sanlorenzostudioflat.it\/fr\/faq\/"]}]},{"@type":"BreadcrumbList","@id":"https:\/\/sanlorenzostudioflat.it\/fr\/faq\/#breadcrumb","itemListElement":[{"@type":"ListItem","position":1,"name":"Home","item":"https:\/\/sanlorenzostudioflat.it\/fr\/"},{"@type":"ListItem","position":2,"name":"FAQ"}]},{"@type":"WebSite","@id":"https:\/\/sanlorenzostudioflat.it\/#website","url":"https:\/\/sanlorenzostudioflat.it\/","name":"Studio Flat San Lorenzo","description":"Nel cuore di Roma","potentialAction":[{"@type":"SearchAction","target":{"@type":"EntryPoint","urlTemplate":"https:\/\/sanlorenzostudioflat.it\/?s={search_term_string}"},"query-input":{"@type":"PropertyValueSpecification","valueRequired":true,"valueName":"search_term_string"}}],"inLanguage":"fr-FR"}]}},"_links":{"self":[{"href":"https:\/\/sanlorenzostudioflat.it\/fr\/wp-json\/wp\/v2\/pages\/335","targetHints":{"allow":["GET"]}}],"collection":[{"href":"https:\/\/sanlorenzostudioflat.it\/fr\/wp-json\/wp\/v2\/pages"}],"about":[{"href":"https:\/\/sanlorenzostudioflat.it\/fr\/wp-json\/wp\/v2\/types\/page"}],"author":[{"embeddable":true,"href":"https:\/\/sanlorenzostudioflat.it\/fr\/wp-json\/wp\/v2\/users\/1"}],"replies":[{"embeddable":true,"href":"https:\/\/sanlorenzostudioflat.it\/fr\/wp-json\/wp\/v2\/comments?post=335"}],"version-history":[{"count":12,"href":"https:\/\/sanlorenzostudioflat.it\/fr\/wp-json\/wp\/v2\/pages\/335\/revisions"}],"predecessor-version":[{"id":1013,"href":"https:\/\/sanlorenzostudioflat.it\/fr\/wp-json\/wp\/v2\/pages\/335\/revisions\/1013"}],"wp:attachment":[{"href":"https:\/\/sanlorenzostudioflat.it\/fr\/wp-json\/wp\/v2\/media?parent=335"}],"curies":[{"name":"wp","href":"https:\/\/api.w.org\/{rel}","templated":true}]}}